{"id":2092,"date":"2017-04-11T17:05:03","date_gmt":"2017-04-11T17:05:03","guid":{"rendered":"https:\/\/merliondigital.com\/?page_id=2092\/"},"modified":"2017-04-12T04:05:55","modified_gmt":"2017-04-12T04:05:55","slug":"gioi-thieu","status":"publish","type":"page","link":"https:\/\/merliondigital.com\/vi\/gioi-thieu\/","title":{"rendered":"Gi\u1edbi Thi\u1ec7u"},"content":{"rendered":"<p><b>Ch\u00fang t\u00f4i<\/b><b>, Merlion <\/b>cung c\u1ea5p nh\u1eefng \u00fd t\u01b0\u1edfng s\u00e1ng t\u1ea1o, c\u01a1 s\u1edf kh\u00e1i ni\u1ec7m tr\u00ean n\u1ec1n t\u1ea3ng internet m\u1ed7i k\u00eanh n\u00ean \u0111\u01b0\u1ee3c s\u1eed d\u1ee5ng th\u00edch h\u1ee3p cho t\u1eebng giai \u0111o\u1ea1n.<br \/>\nCh\u00fang t\u00f4i l\u00e0m k\u1ebft ho\u1ea1ch t\u1ed5ng th\u1ec3 &amp; k\u1ebf ho\u1ea1ch chi ti\u1ebft v\u1edbi nhau theo k\u1ebf ho\u1ea1ch th\u1ef1c hi\u1ec7n..<\/p>\n","protected":false},"excerpt":{"rendered":"<p>Ch\u00fang t\u00f4i, Merlion cung c\u1ea5p nh\u1eefng \u00fd t\u01b0\u1edfng s\u00e1ng t\u1ea1o, c\u01a1 s\u1edf kh\u00e1i ni\u1ec7m tr\u00ean n\u1ec1n t\u1ea3ng internet m\u1ed7i k\u00eanh n\u00ean \u0111\u01b0\u1ee3c s\u1eed d\u1ee5ng th\u00edch h\u1ee3p cho t\u1eebng giai \u0111o\u1ea1n. Ch\u00fang t\u00f4i l\u00e0m k\u1ebft ho\u1ea1ch t\u1ed5ng th\u1ec3 &amp; k\u1ebf ho\u1ea1ch chi ti\u1ebft v\u1edbi nhau theo k\u1ebf ho\u1ea1ch th\u1ef1c hi\u1ec7n..<\/p>\n","protected":false},"author":1,"featured_media":0,"parent":0,"menu_order":0,"comment_status":"closed","ping_status":"closed","template":"","meta":{"footnotes":""},"class_list":["post-2092","page","type-page","status-publish","hentry"],"_links":{"self":[{"href":"https:\/\/merliondigital.com\/vi\/wp-json\/wp\/v2\/pages\/2092","targetHints":{"allow":["GET"]}}],"collection":[{"href":"https:\/\/merliondigital.com\/vi\/wp-json\/wp\/v2\/pages"}],"about":[{"href":"https:\/\/merliondigital.com\/vi\/wp-json\/wp\/v2\/types\/page"}],"author":[{"embeddable":true,"href":"https:\/\/merliondigital.com\/vi\/wp-json\/wp\/v2\/users\/1"}],"replies":[{"embeddable":true,"href":"https:\/\/merliondigital.com\/vi\/wp-json\/wp\/v2\/comments?post=2092"}],"version-history":[{"count":5,"href":"https:\/\/merliondigital.com\/vi\/wp-json\/wp\/v2\/pages\/2092\/revisions"}],"predecessor-version":[{"id":32413,"href":"https:\/\/merliondigital.com\/vi\/wp-json\/wp\/v2\/pages\/2092\/revisions\/32413"}],"wp:attachment":[{"href":"https:\/\/merliondigital.com\/vi\/wp-json\/wp\/v2\/media?parent=2092"}],"curies":[{"name":"wp","href":"https:\/\/api.w.org\/{rel}","templated":true}]}}